{"id":3719,"date":"2020-11-20T14:38:26","date_gmt":"2020-11-20T14:38:26","guid":{"rendered":"https:\/\/rekawiczka24.pl\/kapcsolat\/"},"modified":"2020-11-28T20:53:50","modified_gmt":"2020-11-28T20:53:50","slug":"kapcsolat","status":"publish","type":"page","link":"https:\/\/rekawiczka24.pl\/hu\/kapcsolat\/","title":{"rendered":"Kapcsolat"},"content":{"rendered":"<div class=\"container section-title-container\" style=\"margin-top:40px;\"><h1 class=\"section-title section-title-center\"><b><\/b><span class=\"section-title-main\" >Kapcsolat        <\/span><b><\/b><\/h1><\/div>\n\n\t<section class=\"section\" id=\"section_1367646231\">\n\t\t<div class=\"section-bg fill\" >\n\t\t\t\t\t\t\t\t\t\n\t\t\t\n\n\t\t<\/div>\n\n\t\t\n\n\t\t<div class=\"section-content relative\">\n\t\t\t\n<div class=\"row\"  id=\"row-1260723476\">\n\n\t<div id=\"col-1135622608\" class=\"col small-12 large-12\"  >\n\t\t\t\t<div class=\"col-inner\"  >\n\t\t\t\n\t\t\t\n<p style=\"text-align: center;\">email: <a href=\"mailto:sklep@rekawiczka24.pl\">sklep@rekawiczka24.pl<\/a><br \/>telefon: <a href=\"tel:782-408-135\">782-408-135<\/a><\/p>\n<p style=\"text-align: center;\"><strong>Zamowienia hurtowe<br \/>tel.:\u00a0<\/strong>+48 512 392 438<br \/><strong>tel.<\/strong>: +48 669 669 110<\/p>\n<p style=\"text-align: center;\"><strong>Numer konta mBank<\/strong><br \/>91 1140 2004 0000 3502 7703 5039<\/p>\n<h3 style=\"text-align: center;\">Lub przy u\u017cyciu formularza kontaktowego<\/h3>\n\n<div class=\"wpcf7 no-js\" id=\"wpcf7-f6-o1\" lang=\"pl-PL\" dir=\"ltr\" data-wpcf7-id=\"6\">\n<div class=\"screen-reader-response\"><p role=\"status\" aria-live=\"polite\" aria-atomic=\"true\"><\/p> <ul><\/ul><\/div>\n<form action=\"\/hu\/wp-json\/wp\/v2\/pages\/3719#wpcf7-f6-o1\" method=\"post\" class=\"wpcf7-form init\" aria-label=\"Formularz kontaktowy\" novalidate=\"novalidate\" data-status=\"init\">\n<div style=\"display: none;\">\n<input type=\"hidden\" name=\"_wpcf7\" value=\"6\" \/>\n<input type=\"hidden\" name=\"_wpcf7_version\" value=\"6.0.5\" \/>\n<input type=\"hidden\" name=\"_wpcf7_locale\" value=\"pl_PL\" \/>\n<input type=\"hidden\" name=\"_wpcf7_unit_tag\" value=\"wpcf7-f6-o1\" \/>\n<input type=\"hidden\" name=\"_wpcf7_container_post\" value=\"0\" \/>\n<input type=\"hidden\" name=\"_wpcf7_posted_data_hash\" value=\"\" \/>\n<input type=\"hidden\" name=\"_wpcf7_recaptcha_response\" value=\"\" \/>\n<\/div>\n<p><label>Imi\u0119 (wymagane)<br \/>\n<span class=\"wpcf7-form-control-wrap\" data-name=\"your-name\"><input size=\"40\" maxlength=\"400\" class=\"wpcf7-form-control wpcf7-text wpcf7-validates-as-required\" aria-required=\"true\" aria-invalid=\"false\" value=\"\" type=\"text\" name=\"your-name\" \/><\/span> <\/label>\n<\/p>\n<p><label>Email (wymagane)<br \/>\n<span class=\"wpcf7-form-control-wrap\" data-name=\"your-email\"><input size=\"40\" maxlength=\"400\" class=\"wpcf7-form-control wpcf7-email wpcf7-validates-as-required wpcf7-text wpcf7-validates-as-email\" aria-required=\"true\" aria-invalid=\"false\" value=\"\" type=\"email\" name=\"your-email\" \/><\/span> <\/label>\n<\/p>\n<p><label>Temat<br \/>\n<span class=\"wpcf7-form-control-wrap\" data-name=\"your-subject\"><input size=\"40\" maxlength=\"400\" class=\"wpcf7-form-control wpcf7-text\" aria-invalid=\"false\" value=\"\" type=\"text\" name=\"your-subject\" \/><\/span> <\/label>\n<\/p>\n<p><label>Wiadomo\u015b\u0107<br \/>\n<span class=\"wpcf7-form-control-wrap\" data-name=\"your-message\"><textarea cols=\"40\" rows=\"10\" maxlength=\"2000\" class=\"wpcf7-form-control wpcf7-textarea\" aria-invalid=\"false\" name=\"your-message\"><\/textarea><\/span> <\/label><br \/>\n<span class=\"wpcf7-form-control-wrap\" data-name=\"acceptance-903\"><span class=\"wpcf7-form-control wpcf7-acceptance\"><span class=\"wpcf7-list-item\"><label><input type=\"checkbox\" name=\"acceptance-903\" value=\"1\" aria-invalid=\"false\" \/><span class=\"wpcf7-list-item-label\">administratorem danych osobowych jest Iamelectric Sp. z o.o. ul. Wroc\u0142awska 56 55-095 Domaszczyn NIP: 896-156-55-69. Dane wpisane w formularzu kontaktowym b\u0119d\u0105 przetwarzane w celu udzielenia odpowiedzi na przes\u0142ane zapytanie zgodnie z regulaminem <a href=\"https:\/\/rekawiczka24.pl\/regulamin\/\">Regulamin<\/a><\/span><\/label><\/span><\/span><\/span><br \/>\n<input class=\"wpcf7-form-control wpcf7-submit has-spinner\" type=\"submit\" value=\"Wy\u015blij\" \/>\n<\/p><div class=\"wpcf7-response-output\" aria-hidden=\"true\"><\/div>\n<\/form>\n<\/div>\n\n\t\t<\/div>\n\t\t\t\t\t<\/div>\n\n\t\n<\/div>\n\t\t<\/div>\n\n\t\t\n<style>\n#section_1367646231 {\n  padding-top: 30px;\n  padding-bottom: 30px;\n}\n<\/style>\n\t<\/section>\n\t\n","protected":false},"excerpt":{"rendered":"","protected":false},"author":7,"featured_media":3716,"parent":0,"menu_order":0,"comment_status":"closed","ping_status":"closed","template":"page-blank.php","meta":{"inline_featured_image":false,"footnotes":""},"class_list":["post-3719","page","type-page","status-publish","has-post-thumbnail","hentry"],"yoast_head":"<!-- This site is optimized with the Yoast SEO plugin v24.7 - https:\/\/yoast.com\/wordpress\/plugins\/seo\/ -->\n<title>Kapcsolat - R\u0118KAWICZKA24 - Hurtownia oraz sklep online z r\u0119kawiczkami (HDPE, winylowe), p\u0142ynami do dezynfekcji, przy\u0142bicami<\/title>\n<meta name=\"robots\" content=\"index, follow, max-snippet:-1, max-image-preview:large, max-video-preview:-1\" \/>\n<link rel=\"canonical\" href=\"https:\/\/rekawiczka24.pl\/hu\/kapcsolat\/\" \/>\n<meta property=\"og:locale\" content=\"hu_HU\" \/>\n<meta property=\"og:type\" content=\"article\" \/>\n<meta property=\"og:title\" content=\"Kapcsolat - R\u0118KAWICZKA24 - Hurtownia oraz sklep online z r\u0119kawiczkami (HDPE, winylowe), p\u0142ynami do dezynfekcji, przy\u0142bicami\" \/>\n<meta property=\"og:url\" content=\"https:\/\/rekawiczka24.pl\/hu\/kapcsolat\/\" \/>\n<meta property=\"og:site_name\" content=\"R\u0118KAWICZKA24 - Hurtownia oraz sklep online z r\u0119kawiczkami (HDPE, winylowe), p\u0142ynami do dezynfekcji, przy\u0142bicami\" \/>\n<meta property=\"article:publisher\" content=\"https:\/\/www.facebook.com\/rekawiczka24\" \/>\n<meta property=\"article:modified_time\" content=\"2020-11-28T20:53:50+00:00\" \/>\n<meta property=\"og:image\" content=\"https:\/\/rekawiczka24.pl\/wp-content\/uploads\/2016\/08\/dummy-1.jpg\" \/>\n\t<meta property=\"og:image:width\" content=\"400\" \/>\n\t<meta property=\"og:image:height\" content=\"260\" \/>\n\t<meta property=\"og:image:type\" content=\"image\/jpeg\" \/>\n<meta name=\"twitter:card\" content=\"summary_large_image\" \/>\n<script type=\"application\/ld+json\" class=\"yoast-schema-graph\">{\"@context\":\"https:\/\/schema.org\",\"@graph\":[{\"@type\":\"WebPage\",\"@id\":\"https:\/\/rekawiczka24.pl\/hu\/kapcsolat\/\",\"url\":\"https:\/\/rekawiczka24.pl\/hu\/kapcsolat\/\",\"name\":\"Kapcsolat - R\u0118KAWICZKA24 - Hurtownia oraz sklep online z r\u0119kawiczkami (HDPE, winylowe), p\u0142ynami do dezynfekcji, przy\u0142bicami\",\"isPartOf\":{\"@id\":\"https:\/\/rekawiczka24.pl\/hu\/#website\"},\"primaryImageOfPage\":{\"@id\":\"https:\/\/rekawiczka24.pl\/hu\/kapcsolat\/#primaryimage\"},\"image\":{\"@id\":\"https:\/\/rekawiczka24.pl\/hu\/kapcsolat\/#primaryimage\"},\"thumbnailUrl\":\"https:\/\/i0.wp.com\/rekawiczka24.pl\/wp-content\/uploads\/2016\/08\/dummy-1.jpg?fit=400%2C260&ssl=1\",\"datePublished\":\"2020-11-20T14:38:26+00:00\",\"dateModified\":\"2020-11-28T20:53:50+00:00\",\"breadcrumb\":{\"@id\":\"https:\/\/rekawiczka24.pl\/hu\/kapcsolat\/#breadcrumb\"},\"inLanguage\":\"hu\",\"potentialAction\":[{\"@type\":\"ReadAction\",\"target\":[\"https:\/\/rekawiczka24.pl\/hu\/kapcsolat\/\"]}]},{\"@type\":\"ImageObject\",\"inLanguage\":\"hu\",\"@id\":\"https:\/\/rekawiczka24.pl\/hu\/kapcsolat\/#primaryimage\",\"url\":\"https:\/\/i0.wp.com\/rekawiczka24.pl\/wp-content\/uploads\/2016\/08\/dummy-1.jpg?fit=400%2C260&ssl=1\",\"contentUrl\":\"https:\/\/i0.wp.com\/rekawiczka24.pl\/wp-content\/uploads\/2016\/08\/dummy-1.jpg?fit=400%2C260&ssl=1\",\"width\":400,\"height\":260},{\"@type\":\"BreadcrumbList\",\"@id\":\"https:\/\/rekawiczka24.pl\/hu\/kapcsolat\/#breadcrumb\",\"itemListElement\":[{\"@type\":\"ListItem\",\"position\":1,\"name\":\"Strona g\u0142\u00f3wna\",\"item\":\"https:\/\/rekawiczka24.pl\/hu\/\"},{\"@type\":\"ListItem\",\"position\":2,\"name\":\"Kapcsolat\"}]},{\"@type\":\"WebSite\",\"@id\":\"https:\/\/rekawiczka24.pl\/hu\/#website\",\"url\":\"https:\/\/rekawiczka24.pl\/hu\/\",\"name\":\"R\u0118KAWICZKA24 - Hurtownia oraz sklep online z r\u0119kawiczkami (HDPE, winylowe), p\u0142ynami do dezynfekcji, przy\u0142bicami\",\"description\":\"\",\"publisher\":{\"@id\":\"https:\/\/rekawiczka24.pl\/hu\/#organization\"},\"potentialAction\":[{\"@type\":\"SearchAction\",\"target\":{\"@type\":\"EntryPoint\",\"urlTemplate\":\"https:\/\/rekawiczka24.pl\/hu\/?s={search_term_string}\"},\"query-input\":{\"@type\":\"PropertyValueSpecification\",\"valueRequired\":true,\"valueName\":\"search_term_string\"}}],\"inLanguage\":\"hu\"},{\"@type\":\"Organization\",\"@id\":\"https:\/\/rekawiczka24.pl\/hu\/#organization\",\"name\":\"R\u0119kawiczka24.pl\",\"url\":\"https:\/\/rekawiczka24.pl\/hu\/\",\"logo\":{\"@type\":\"ImageObject\",\"inLanguage\":\"hu\",\"@id\":\"https:\/\/rekawiczka24.pl\/hu\/#\/schema\/logo\/image\/\",\"url\":\"https:\/\/rekawiczka24.pl\/wp-content\/uploads\/2020\/05\/rekawiczka24.png\",\"contentUrl\":\"https:\/\/rekawiczka24.pl\/wp-content\/uploads\/2020\/05\/rekawiczka24.png\",\"width\":300,\"height\":95,\"caption\":\"R\u0119kawiczka24.pl\"},\"image\":{\"@id\":\"https:\/\/rekawiczka24.pl\/hu\/#\/schema\/logo\/image\/\"},\"sameAs\":[\"https:\/\/www.facebook.com\/rekawiczka24\"]}]}<\/script>\n<!-- \/ Yoast SEO plugin. -->","yoast_head_json":{"title":"Kapcsolat - R\u0118KAWICZKA24 - Hurtownia oraz sklep online z r\u0119kawiczkami (HDPE, winylowe), p\u0142ynami do dezynfekcji, przy\u0142bicami","robots":{"index":"index","follow":"follow","max-snippet":"max-snippet:-1","max-image-preview":"max-image-preview:large","max-video-preview":"max-video-preview:-1"},"canonical":"https:\/\/rekawiczka24.pl\/hu\/kapcsolat\/","og_locale":"hu_HU","og_type":"article","og_title":"Kapcsolat - R\u0118KAWICZKA24 - Hurtownia oraz sklep online z r\u0119kawiczkami (HDPE, winylowe), p\u0142ynami do dezynfekcji, przy\u0142bicami","og_url":"https:\/\/rekawiczka24.pl\/hu\/kapcsolat\/","og_site_name":"R\u0118KAWICZKA24 - Hurtownia oraz sklep online z r\u0119kawiczkami (HDPE, winylowe), p\u0142ynami do dezynfekcji, przy\u0142bicami","article_publisher":"https:\/\/www.facebook.com\/rekawiczka24","article_modified_time":"2020-11-28T20:53:50+00:00","og_image":[{"width":400,"height":260,"url":"https:\/\/rekawiczka24.pl\/wp-content\/uploads\/2016\/08\/dummy-1.jpg","type":"image\/jpeg"}],"twitter_card":"summary_large_image","schema":{"@context":"https:\/\/schema.org","@graph":[{"@type":"WebPage","@id":"https:\/\/rekawiczka24.pl\/hu\/kapcsolat\/","url":"https:\/\/rekawiczka24.pl\/hu\/kapcsolat\/","name":"Kapcsolat - R\u0118KAWICZKA24 - Hurtownia oraz sklep online z r\u0119kawiczkami (HDPE, winylowe), p\u0142ynami do dezynfekcji, przy\u0142bicami","isPartOf":{"@id":"https:\/\/rekawiczka24.pl\/hu\/#website"},"primaryImageOfPage":{"@id":"https:\/\/rekawiczka24.pl\/hu\/kapcsolat\/#primaryimage"},"image":{"@id":"https:\/\/rekawiczka24.pl\/hu\/kapcsolat\/#primaryimage"},"thumbnailUrl":"https:\/\/i0.wp.com\/rekawiczka24.pl\/wp-content\/uploads\/2016\/08\/dummy-1.jpg?fit=400%2C260&ssl=1","datePublished":"2020-11-20T14:38:26+00:00","dateModified":"2020-11-28T20:53:50+00:00","breadcrumb":{"@id":"https:\/\/rekawiczka24.pl\/hu\/kapcsolat\/#breadcrumb"},"inLanguage":"hu","potentialAction":[{"@type":"ReadAction","target":["https:\/\/rekawiczka24.pl\/hu\/kapcsolat\/"]}]},{"@type":"ImageObject","inLanguage":"hu","@id":"https:\/\/rekawiczka24.pl\/hu\/kapcsolat\/#primaryimage","url":"https:\/\/i0.wp.com\/rekawiczka24.pl\/wp-content\/uploads\/2016\/08\/dummy-1.jpg?fit=400%2C260&ssl=1","contentUrl":"https:\/\/i0.wp.com\/rekawiczka24.pl\/wp-content\/uploads\/2016\/08\/dummy-1.jpg?fit=400%2C260&ssl=1","width":400,"height":260},{"@type":"BreadcrumbList","@id":"https:\/\/rekawiczka24.pl\/hu\/kapcsolat\/#breadcrumb","itemListElement":[{"@type":"ListItem","position":1,"name":"Strona g\u0142\u00f3wna","item":"https:\/\/rekawiczka24.pl\/hu\/"},{"@type":"ListItem","position":2,"name":"Kapcsolat"}]},{"@type":"WebSite","@id":"https:\/\/rekawiczka24.pl\/hu\/#website","url":"https:\/\/rekawiczka24.pl\/hu\/","name":"R\u0118KAWICZKA24 - Hurtownia oraz sklep online z r\u0119kawiczkami (HDPE, winylowe), p\u0142ynami do dezynfekcji, przy\u0142bicami","description":"","publisher":{"@id":"https:\/\/rekawiczka24.pl\/hu\/#organization"},"potentialAction":[{"@type":"SearchAction","target":{"@type":"EntryPoint","urlTemplate":"https:\/\/rekawiczka24.pl\/hu\/?s={search_term_string}"},"query-input":{"@type":"PropertyValueSpecification","valueRequired":true,"valueName":"search_term_string"}}],"inLanguage":"hu"},{"@type":"Organization","@id":"https:\/\/rekawiczka24.pl\/hu\/#organization","name":"R\u0119kawiczka24.pl","url":"https:\/\/rekawiczka24.pl\/hu\/","logo":{"@type":"ImageObject","inLanguage":"hu","@id":"https:\/\/rekawiczka24.pl\/hu\/#\/schema\/logo\/image\/","url":"https:\/\/rekawiczka24.pl\/wp-content\/uploads\/2020\/05\/rekawiczka24.png","contentUrl":"https:\/\/rekawiczka24.pl\/wp-content\/uploads\/2020\/05\/rekawiczka24.png","width":300,"height":95,"caption":"R\u0119kawiczka24.pl"},"image":{"@id":"https:\/\/rekawiczka24.pl\/hu\/#\/schema\/logo\/image\/"},"sameAs":["https:\/\/www.facebook.com\/rekawiczka24"]}]}},"jetpack_sharing_enabled":true,"_links":{"self":[{"href":"https:\/\/rekawiczka24.pl\/hu\/wp-json\/wp\/v2\/pages\/3719","targetHints":{"allow":["GET"]}}],"collection":[{"href":"https:\/\/rekawiczka24.pl\/hu\/wp-json\/wp\/v2\/pages"}],"about":[{"href":"https:\/\/rekawiczka24.pl\/hu\/wp-json\/wp\/v2\/types\/page"}],"author":[{"embeddable":true,"href":"https:\/\/rekawiczka24.pl\/hu\/wp-json\/wp\/v2\/users\/7"}],"replies":[{"embeddable":true,"href":"https:\/\/rekawiczka24.pl\/hu\/wp-json\/wp\/v2\/comments?post=3719"}],"version-history":[{"count":7,"href":"https:\/\/rekawiczka24.pl\/hu\/wp-json\/wp\/v2\/pages\/3719\/revisions"}],"predecessor-version":[{"id":4770,"href":"https:\/\/rekawiczka24.pl\/hu\/wp-json\/wp\/v2\/pages\/3719\/revisions\/4770"}],"wp:featuredmedia":[{"embeddable":true,"href":"https:\/\/rekawiczka24.pl\/hu\/wp-json\/wp\/v2\/media\/3716"}],"wp:attachment":[{"href":"https:\/\/rekawiczka24.pl\/hu\/wp-json\/wp\/v2\/media?parent=3719"}],"curies":[{"name":"wp","href":"https:\/\/api.w.org\/{rel}","templated":true}]}}