{"id":3763,"date":"2020-11-24T09:37:50","date_gmt":"2020-11-24T09:37:50","guid":{"rendered":"https:\/\/rekawiczka24.pl\/politika-duvernosti\/"},"modified":"2021-04-18T14:32:42","modified_gmt":"2021-04-18T14:32:42","slug":"politika-duvernosti","status":"publish","type":"page","link":"https:\/\/rekawiczka24.pl\/cs\/politika-duvernosti\/","title":{"rendered":"Politika d\u016fv\u011brnosti"},"content":{"rendered":"<pre class=\"wp-block-code\"><code>&lt;h1>Polityka prywatno\u015b\u0107i&lt;\/h1>\n&lt;p>W zwi\u0105zku ze zmian\u0105 przepis\u00f3w dotycz\u0105cych ochrony danych osobowych i rozpocz\u0119ciem stosowania od dnia 25 maja 2018 roku Rozporz\u0105dzenia Parlamentu Europejskiego i Rady (UE) 2016\/679 z dnia 27 kwietnia 2016 r. w sprawie ochrony os\u00f3b fizycznych w zwi\u0105zku z przetwarzaniem danych osobowych i w sprawie swobodnego przep\u0142ywu takich danych oraz uchylenia dyrektywy 95\/46\/WE (og\u00f3lne rozporz\u0105dzenie o ochronie danych) \u201cRODO\u201d informujemy, \u017ce:&lt;\/p>\n&lt;ol>\n&lt;li>Administratorem danych osobowych u\u017cytkownik\u00f3w sklepu rekawiczka24.pl jest iamelectric Sp. z o.o., kt\u00f3rej siedziba mie\u015bci si\u0119 we Domaszczynie 55-095, ul. Wroc\u0142awska 56, NIP 896-156-55-69, REGON: 367615763, Numer KRS: 0000683698 (dalej: \u201csklep rekawiczka24.pl\u201d). Dane kontaktowe: adres e-mail: sklep@rekawiczka24.pl&lt;\/li>\n&lt;li>Sklep rekawiczka24.pl przetwarza dane osobowe w celach:\n&lt;ol>\n&lt;li>\u015bwiadczenia us\u0142ugi prowadzenia konta U\u017cytkownika w sklepie rekawiczka24.pl. Podstaw\u0105 prawn\u0105 przetwarzania danych jest wykonanie umowy (art. 6 ust. 1 lit. b RODO) sprzeda\u017cy produkt\u00f3w oferowanych przez sklep rekawiczka24.pl \u2013 podstaw\u0105 prawn\u0105 przetwarzania danych jest wykonanie umowy (art. 6 ust. 1 lit. b RODO)&lt;\/li>\n&lt;li>marketingowych \u2013 podstaw\u0105 prawn\u0105 przetwarzania danych jest prawnie uzasadniony interes sklepu rekawiczka24.pl \u2013 marketing w\u0142asnych produkt\u00f3w i us\u0142ug (art. 6 ust. 1 lit. f RODO) rozpatrzenia reklamacji, dochodzenia i obrony w razie zaistnienia wzajemnych roszcze\u0144 \u2013 podstaw\u0105 prawn\u0105 przetwarzania danych jest prawnie uzasadniony interes sklepu rekawiczka24.pl \u2013 (art. 6 ust. 1 lit. f RODO)&lt;\/li>\n&lt;li>wysy\u0142ania informacji handlowych drog\u0105 elektroniczn\u0105 \u2013 wy\u0142\u0105cznie w przypadku wyra\u017cenia zgody przez U\u017cytkownika. Podstaw\u0105 prawn\u0105 przetwarzania danych jest zgoda (art. 6 ust. 1 lit. b RODO).&lt;\/li>\n&lt;\/ol>\n&lt;\/li>\n&lt;li>Wszelkie pytania zwi\u0105zane z przetwarzaniem przez nas Twoich danych mo\u017cesz kierowa\u0107 pod adres e-mail: sklep@rekawiczka24.pl Podanie danych osobowych jest dobrowolne, lecz niezb\u0119dne w celu zawarcia umowy ze sklepem rekawiczka24.pl&lt;\/li>\n&lt;li>Dane osobowe przetwarzane b\u0119d\u0105 przez okres niezb\u0119dny dla wykonania umowy, a po tym okresie dla cel\u00f3w i przez czas oraz w zakresie wymaganym przez przepisy prawa lub dla zabezpieczenia ewentualnych roszcze\u0144, lub do czasu cofni\u0119cia udzielonej zgody. .Odbiorcami danych osobowych b\u0119d\u0105:\n&lt;ol>\n&lt;li>podmioty dostarczaj\u0105ce i wspieraj\u0105ce systemy teleinformatyczne sklepu rekawiczka24.pl oraz podmioty \u015bwiadcz\u0105ce us\u0142ugi zwi\u0105zane z bie\u017c\u0105c\u0105 dzia\u0142alno\u015bci\u0105 sklepu rekawiczka24.pl podmioty \u015bwiadcz\u0105ce us\u0142ugi dostawy produkt\u00f3w (Kurier DHL, Poczta Polska, InPost)&lt;\/li>\n&lt;li>Krajowy Integrator P\u0142atno\u015bci S.A., PayPal \u2013 podmioty \u015bwiadcz\u0105ce us\u0142ugi p\u0142atno\u015bci on-line.&lt;\/li>\n&lt;\/ol>\n&lt;\/li>\n&lt;li>Ka\u017cdej osobie, w zakresie wynikaj\u0105cym z przepis\u00f3w prawa, przys\u0142uguje prawo do dost\u0119pu do swoich danych oraz ich sprostowania, usuni\u0119cia lub ograniczenia przetwarzania, prawo wniesienia sprzeciwu wobec przetwarzania, prawo do przenoszenia danych, a tak\u017ce prawo cofni\u0119cia udzielonej zgody w dowolnym momencie. Cofni\u0119cie zgody nie ma wp\u0142ywu na zgodno\u015b\u0107 z prawem przetwarzania, kt\u00f3rego dokonano na podstawie zgody przed jej cofni\u0119ciem.&lt;\/li>\n&lt;li>W przypadku w\u0105tpliwo\u015bci zwi\u0105zanych z przetwarzaniem danych osobowych ka\u017cda osoba mo\u017ce zwr\u00f3ci\u0107 si\u0119 do sklepu rekawiczka24.pl z pro\u015bb\u0105 o udzielenie informacji. Niezale\u017cnie od powy\u017cszego ka\u017cdemu przys\u0142uguje prawo wniesienia skargi do organu nadzorczego \u2013 Prezesa Urz\u0119du Ochrony Danych Osobowych.&lt;\/li>\n&lt;li>Informacja o plikach Cookies. Sklep rekawiczka24.pl korzysta z cookies, kt\u00f3re stanowi\u0105 pliki informacji przechowywane lokalnie na komputerze U\u017cytkownika przegl\u0105daj\u0105cego zawarto\u015b\u0107 sklepu rekawiczka24.pl i korzystaj\u0105cego w jego ramach z oferowanych us\u0142ug.&lt;\/li>\n&lt;li>Podmiotami zamieszczaj\u0105cym na urz\u0105dzeniu ko\u0144cowym U\u017cytkownika sklepu rekawiczka24.pl pliki cookies jest Administrator sklepu rekawiczka24.pl oraz:\n&lt;ol>\n&lt;li>Google Inc. z siedzib\u0105 w Mountain View, Kalifornia, Stany Zjednoczone. Aby dowiedzie\u0107 si\u0119 wi\u0119cej o polityce prywatno\u015bci tego administratora kliknij tu: https:\/\/policies.google.com\/privacy;&lt;\/li>\n&lt;li>Facebook Inc. z siedzib\u0105 w Menlo Park, Kalifornia, Stany Zjednoczone, Aby dowiedzie\u0107 si\u0119 wi\u0119cej o polityce prywatno\u015bci tego administratora kliknij tu: https:\/\/www.facebook.com\/policy.php;&lt;\/li>\n&lt;li>The Rocket Science Group LLC, operatora serwisu MailChimp.com z siedzib\u0105 w Atltancie, Georgia, Stany Zjednoczone, Aby dowiedzie\u0107 si\u0119 wi\u0119cej o polityce prywatno\u015bci tego administratora kliknij tu: https:\/\/mailchimp.com\/legal\/privacy\/;&lt;\/li>\n&lt;li>Podmioty wymienione s\u0105 administratorem danych osobowych zawartych w plikach cookies w rozumieniu RODO.&lt;\/li>\n&lt;\/ol>\n&lt;\/li>\n&lt;li>Cookies zazwyczaj zawieraj\u0105 nazw\u0119 strony internetowej, z kt\u00f3rej pochodz\u0105, czas przechowywania ich na urz\u0105dzeniu ko\u0144cowym oraz unikalny numer.&lt;\/li>\n&lt;li>Informacje zawarte w przechowywanych w urz\u0105dzeniach U\u017cytkownik\u00f3w plikach cookies, s\u0105 wykorzystywane w nast\u0119puj\u0105cych celach:\n&lt;ol>\n&lt;li>analizy zachowa\u0144 U\u017cytkownik\u00f3w w sklepie rekawiczka24.pl co umo\u017cliwia Serwisowi dostosowanie \u015bwiadczonych us\u0142ug i prezentowanych tre\u015bci do indywidualnych zainteresowa\u0144, wymaga\u0144 i potrzeb danego U\u017cytkownika&lt;\/li>\n&lt;li>cookies wykorzystywane s\u0105 tak\u017ce w celach statystycznych maj\u0105cych obrazowa\u0107 spos\u00f3b korzystania ze sklepu rekawiczka24.pl przez U\u017cytkownik\u00f3w, dostosowania i optymalizacji sklepu rekawiczka24.pl do potrzeb U\u017cytkownik\u00f3w oraz innych os\u00f3b korzystaj\u0105cych ze sklepu rekawiczka24.pl, tworzenia statystyk ogl\u0105dalno\u015bci podstron sklepu rekawiczka24.pl, zapewnienia bezpiecze\u0144stwa i niezawodno\u015bci dzia\u0142ania sklepu rekawiczka24.pl.&lt;\/li>\n&lt;\/ol>\n&lt;\/li>\n&lt;li>W sklepie rekawiczka24.pl wykorzystywane s\u0105 cookies sesyjne, ulegaj\u0105ce skasowaniu po zako\u0144czeniu korzystania ze sklepu rekawiczka24.pl i zamkni\u0119ciu okna przegl\u0105darki internetowej, jak i cookies trwa\u0142e, zapisywane w urz\u0105dzeniach, za po\u015brednictwem kt\u00f3rych U\u017cytkownik korzysta ze sklepu rekawiczka24.pl przez okre\u015blony czas lub do momentu ich usuni\u0119cia.&lt;\/li>\n&lt;li>Dane pochodz\u0105ce z plik\u00f3w cookie, b\u0119d\u0105 przechowywane w zale\u017cno\u015bci od rodzaju plik\u00f3w: na czas korzystania ze sklepu rekawiczka24.pl (pliki sesyjne), do momentu skorzystania przez U\u017cytkownika z praw prowadz\u0105cych do zaprzestania przetwarzania jego danych osobowych, lub odwo\u0142ania przez U\u017cytkownika zgody&lt;\/li>\n&lt;\/ol><\/code><\/pre>","protected":false},"excerpt":{"rendered":"","protected":false},"author":7,"featured_media":0,"parent":0,"menu_order":0,"comment_status":"closed","ping_status":"open","template":"","meta":{"inline_featured_image":false,"footnotes":""},"class_list":["post-3763","page","type-page","status-publish","hentry"],"yoast_head":"<!-- This site is optimized with the Yoast SEO plugin v24.7 - https:\/\/yoast.com\/wordpress\/plugins\/seo\/ -->\n<title>Politika d\u016fv\u011brnosti - R\u0118KAWICZKA24 - Hurtownia oraz sklep online z r\u0119kawiczkami (HDPE, winylowe), p\u0142ynami do dezynfekcji, przy\u0142bicami<\/title>\n<meta name=\"robots\" content=\"index, follow, max-snippet:-1, max-image-preview:large, max-video-preview:-1\" \/>\n<link rel=\"canonical\" href=\"https:\/\/rekawiczka24.pl\/cs\/politika-duvernosti\/\" \/>\n<meta property=\"og:locale\" content=\"cs_CZ\" \/>\n<meta property=\"og:type\" content=\"article\" \/>\n<meta property=\"og:title\" content=\"Politika d\u016fv\u011brnosti - R\u0118KAWICZKA24 - Hurtownia oraz sklep online z r\u0119kawiczkami (HDPE, winylowe), p\u0142ynami do dezynfekcji, przy\u0142bicami\" \/>\n<meta property=\"og:url\" content=\"https:\/\/rekawiczka24.pl\/cs\/politika-duvernosti\/\" \/>\n<meta property=\"og:site_name\" content=\"R\u0118KAWICZKA24 - Hurtownia oraz sklep online z r\u0119kawiczkami (HDPE, winylowe), p\u0142ynami do dezynfekcji, przy\u0142bicami\" \/>\n<meta property=\"article:publisher\" content=\"https:\/\/www.facebook.com\/rekawiczka24\" \/>\n<meta property=\"article:modified_time\" content=\"2021-04-18T14:32:42+00:00\" \/>\n<meta property=\"og:image\" content=\"https:\/\/i0.wp.com\/rekawiczka24.pl\/wp-content\/uploads\/2020\/05\/rekawiczka24.png?fit=300%2C95&ssl=1\" \/>\n\t<meta property=\"og:image:width\" content=\"300\" \/>\n\t<meta property=\"og:image:height\" content=\"95\" \/>\n\t<meta property=\"og:image:type\" content=\"image\/png\" \/>\n<meta name=\"twitter:card\" content=\"summary_large_image\" \/>\n<meta name=\"twitter:label1\" content=\"Odhadovan\u00e1 doba \u010dten\u00ed\" \/>\n\t<meta name=\"twitter:data1\" content=\"5 minut\" \/>\n<script type=\"application\/ld+json\" class=\"yoast-schema-graph\">{\"@context\":\"https:\/\/schema.org\",\"@graph\":[{\"@type\":\"WebPage\",\"@id\":\"https:\/\/rekawiczka24.pl\/cs\/politika-duvernosti\/\",\"url\":\"https:\/\/rekawiczka24.pl\/cs\/politika-duvernosti\/\",\"name\":\"Politika d\u016fv\u011brnosti - R\u0118KAWICZKA24 - Hurtownia oraz sklep online z r\u0119kawiczkami (HDPE, winylowe), p\u0142ynami do dezynfekcji, przy\u0142bicami\",\"isPartOf\":{\"@id\":\"https:\/\/rekawiczka24.pl\/cs\/#website\"},\"datePublished\":\"2020-11-24T09:37:50+00:00\",\"dateModified\":\"2021-04-18T14:32:42+00:00\",\"breadcrumb\":{\"@id\":\"https:\/\/rekawiczka24.pl\/cs\/politika-duvernosti\/#breadcrumb\"},\"inLanguage\":\"cs\",\"potentialAction\":[{\"@type\":\"ReadAction\",\"target\":[\"https:\/\/rekawiczka24.pl\/cs\/politika-duvernosti\/\"]}]},{\"@type\":\"BreadcrumbList\",\"@id\":\"https:\/\/rekawiczka24.pl\/cs\/politika-duvernosti\/#breadcrumb\",\"itemListElement\":[{\"@type\":\"ListItem\",\"position\":1,\"name\":\"Strona g\u0142\u00f3wna\",\"item\":\"https:\/\/rekawiczka24.pl\/cs\/\"},{\"@type\":\"ListItem\",\"position\":2,\"name\":\"Politika d\u016fv\u011brnosti\"}]},{\"@type\":\"WebSite\",\"@id\":\"https:\/\/rekawiczka24.pl\/cs\/#website\",\"url\":\"https:\/\/rekawiczka24.pl\/cs\/\",\"name\":\"R\u0118KAWICZKA24 - Hurtownia oraz sklep online z r\u0119kawiczkami (HDPE, winylowe), p\u0142ynami do dezynfekcji, przy\u0142bicami\",\"description\":\"\",\"publisher\":{\"@id\":\"https:\/\/rekawiczka24.pl\/cs\/#organization\"},\"potentialAction\":[{\"@type\":\"SearchAction\",\"target\":{\"@type\":\"EntryPoint\",\"urlTemplate\":\"https:\/\/rekawiczka24.pl\/cs\/?s={search_term_string}\"},\"query-input\":{\"@type\":\"PropertyValueSpecification\",\"valueRequired\":true,\"valueName\":\"search_term_string\"}}],\"inLanguage\":\"cs\"},{\"@type\":\"Organization\",\"@id\":\"https:\/\/rekawiczka24.pl\/cs\/#organization\",\"name\":\"R\u0119kawiczka24.pl\",\"url\":\"https:\/\/rekawiczka24.pl\/cs\/\",\"logo\":{\"@type\":\"ImageObject\",\"inLanguage\":\"cs\",\"@id\":\"https:\/\/rekawiczka24.pl\/cs\/#\/schema\/logo\/image\/\",\"url\":\"https:\/\/rekawiczka24.pl\/wp-content\/uploads\/2020\/05\/rekawiczka24.png\",\"contentUrl\":\"https:\/\/rekawiczka24.pl\/wp-content\/uploads\/2020\/05\/rekawiczka24.png\",\"width\":300,\"height\":95,\"caption\":\"R\u0119kawiczka24.pl\"},\"image\":{\"@id\":\"https:\/\/rekawiczka24.pl\/cs\/#\/schema\/logo\/image\/\"},\"sameAs\":[\"https:\/\/www.facebook.com\/rekawiczka24\"]}]}<\/script>\n<!-- \/ Yoast SEO plugin. -->","yoast_head_json":{"title":"Politika d\u016fv\u011brnosti - R\u0118KAWICZKA24 - Hurtownia oraz sklep online z r\u0119kawiczkami (HDPE, winylowe), p\u0142ynami do dezynfekcji, przy\u0142bicami","robots":{"index":"index","follow":"follow","max-snippet":"max-snippet:-1","max-image-preview":"max-image-preview:large","max-video-preview":"max-video-preview:-1"},"canonical":"https:\/\/rekawiczka24.pl\/cs\/politika-duvernosti\/","og_locale":"cs_CZ","og_type":"article","og_title":"Politika d\u016fv\u011brnosti - R\u0118KAWICZKA24 - Hurtownia oraz sklep online z r\u0119kawiczkami (HDPE, winylowe), p\u0142ynami do dezynfekcji, przy\u0142bicami","og_url":"https:\/\/rekawiczka24.pl\/cs\/politika-duvernosti\/","og_site_name":"R\u0118KAWICZKA24 - Hurtownia oraz sklep online z r\u0119kawiczkami (HDPE, winylowe), p\u0142ynami do dezynfekcji, przy\u0142bicami","article_publisher":"https:\/\/www.facebook.com\/rekawiczka24","article_modified_time":"2021-04-18T14:32:42+00:00","og_image":[{"width":300,"height":95,"url":"https:\/\/i0.wp.com\/rekawiczka24.pl\/wp-content\/uploads\/2020\/05\/rekawiczka24.png?fit=300%2C95&ssl=1","type":"image\/png"}],"twitter_card":"summary_large_image","twitter_misc":{"Odhadovan\u00e1 doba \u010dten\u00ed":"5 minut"},"schema":{"@context":"https:\/\/schema.org","@graph":[{"@type":"WebPage","@id":"https:\/\/rekawiczka24.pl\/cs\/politika-duvernosti\/","url":"https:\/\/rekawiczka24.pl\/cs\/politika-duvernosti\/","name":"Politika d\u016fv\u011brnosti - R\u0118KAWICZKA24 - Hurtownia oraz sklep online z r\u0119kawiczkami (HDPE, winylowe), p\u0142ynami do dezynfekcji, przy\u0142bicami","isPartOf":{"@id":"https:\/\/rekawiczka24.pl\/cs\/#website"},"datePublished":"2020-11-24T09:37:50+00:00","dateModified":"2021-04-18T14:32:42+00:00","breadcrumb":{"@id":"https:\/\/rekawiczka24.pl\/cs\/politika-duvernosti\/#breadcrumb"},"inLanguage":"cs","potentialAction":[{"@type":"ReadAction","target":["https:\/\/rekawiczka24.pl\/cs\/politika-duvernosti\/"]}]},{"@type":"BreadcrumbList","@id":"https:\/\/rekawiczka24.pl\/cs\/politika-duvernosti\/#breadcrumb","itemListElement":[{"@type":"ListItem","position":1,"name":"Strona g\u0142\u00f3wna","item":"https:\/\/rekawiczka24.pl\/cs\/"},{"@type":"ListItem","position":2,"name":"Politika d\u016fv\u011brnosti"}]},{"@type":"WebSite","@id":"https:\/\/rekawiczka24.pl\/cs\/#website","url":"https:\/\/rekawiczka24.pl\/cs\/","name":"R\u0118KAWICZKA24 - Hurtownia oraz sklep online z r\u0119kawiczkami (HDPE, winylowe), p\u0142ynami do dezynfekcji, przy\u0142bicami","description":"","publisher":{"@id":"https:\/\/rekawiczka24.pl\/cs\/#organization"},"potentialAction":[{"@type":"SearchAction","target":{"@type":"EntryPoint","urlTemplate":"https:\/\/rekawiczka24.pl\/cs\/?s={search_term_string}"},"query-input":{"@type":"PropertyValueSpecification","valueRequired":true,"valueName":"search_term_string"}}],"inLanguage":"cs"},{"@type":"Organization","@id":"https:\/\/rekawiczka24.pl\/cs\/#organization","name":"R\u0119kawiczka24.pl","url":"https:\/\/rekawiczka24.pl\/cs\/","logo":{"@type":"ImageObject","inLanguage":"cs","@id":"https:\/\/rekawiczka24.pl\/cs\/#\/schema\/logo\/image\/","url":"https:\/\/rekawiczka24.pl\/wp-content\/uploads\/2020\/05\/rekawiczka24.png","contentUrl":"https:\/\/rekawiczka24.pl\/wp-content\/uploads\/2020\/05\/rekawiczka24.png","width":300,"height":95,"caption":"R\u0119kawiczka24.pl"},"image":{"@id":"https:\/\/rekawiczka24.pl\/cs\/#\/schema\/logo\/image\/"},"sameAs":["https:\/\/www.facebook.com\/rekawiczka24"]}]}},"jetpack_sharing_enabled":true,"_links":{"self":[{"href":"https:\/\/rekawiczka24.pl\/cs\/wp-json\/wp\/v2\/pages\/3763","targetHints":{"allow":["GET"]}}],"collection":[{"href":"https:\/\/rekawiczka24.pl\/cs\/wp-json\/wp\/v2\/pages"}],"about":[{"href":"https:\/\/rekawiczka24.pl\/cs\/wp-json\/wp\/v2\/types\/page"}],"author":[{"embeddable":true,"href":"https:\/\/rekawiczka24.pl\/cs\/wp-json\/wp\/v2\/users\/7"}],"replies":[{"embeddable":true,"href":"https:\/\/rekawiczka24.pl\/cs\/wp-json\/wp\/v2\/comments?post=3763"}],"version-history":[{"count":5,"href":"https:\/\/rekawiczka24.pl\/cs\/wp-json\/wp\/v2\/pages\/3763\/revisions"}],"predecessor-version":[{"id":8043,"href":"https:\/\/rekawiczka24.pl\/cs\/wp-json\/wp\/v2\/pages\/3763\/revisions\/8043"}],"wp:attachment":[{"href":"https:\/\/rekawiczka24.pl\/cs\/wp-json\/wp\/v2\/media?parent=3763"}],"curies":[{"name":"wp","href":"https:\/\/api.w.org\/{rel}","templated":true}]}}